{"id":3631,"date":"2025-11-17T16:06:42","date_gmt":"2025-11-17T16:06:42","guid":{"rendered":"https:\/\/ajudapalaceinn.com\/?page_id=3631"},"modified":"2025-11-17T16:06:45","modified_gmt":"2025-11-17T16:06:45","slug":"black-friday-2025-campaign-terms","status":"publish","type":"page","link":"https:\/\/ajudapalaceinn.com\/de\/black-friday-2025-kampagnenbedingungen\/","title":{"rendered":"Schwarzer Freitag 2025 Kampagnenbedingungen"},"content":{"rendered":"<div class=\"wp-block-getwid-advanced-heading is-style-style-1 has-custom-font-size\" style=\"font-size:12px;margin-top:10px\"><span class=\"wp-block-getwid-advanced-heading__content\" style=\"text-transform:uppercase;letter-spacing:0.1em\">Black Friday Aktion g\u00fcltig mit Promotion-Code - BF25<\/span><\/div>\n\n\n\n<h2 class=\"wp-block-heading\">1. Black Friday Code Verwendungszeitraum<\/h2>\n\n\n\n<p>Der Rabattcode - BF25 - kann verwendet werden <strong>vom 18. November bis 2. Dezember, bis 23:59 Uhr<\/strong>.<\/p>\n\n\n\n<h2 class=\"wp-block-heading\">2. Anwendbare Aufenthaltsdauer<\/h2>\n\n\n\n<p>Das Angebot gilt f\u00fcr Reservierungen mit <strong>Aufenthaltsdaten vom 18. November bis 28. Februar<\/strong>, einschlie\u00dflich.<\/p>\n\n\n\n<h2 class=\"wp-block-heading\">3. Verf\u00fcgbarkeit<\/h2>\n\n\n\n<p>Das Angebot ist <strong>je nach Verf\u00fcgbarkeit der Wohnung<\/strong> zu den gew\u00fcnschten Terminen.<br>Reservierungen werden best\u00e4tigt <strong>in der Reihenfolge, in der sie eingegangen sind<\/strong>.<br>Pr\u00fcfen Sie hier, ob sie verf\u00fcgbar sind: <a href=\"https:\/\/ajudapalaceinn.com\/de\/reservieren\/\">https:\/\/ajudapalaceinn.com\/en\/book-now\/<\/a> <\/p>\n\n\n\n<h2 class=\"wp-block-heading\">4. Rabatt Anwendung<\/h2>\n\n\n\n<p>Der Rabatt betr\u00e4gt <strong>automatisch angewendet<\/strong> nach Eingabe des Codes und zu Beginn des Buchungsvorgangs.<br>Es <strong>k\u00f6nnen nicht kombiniert werden<\/strong> mit anderen Werbeaktionen, Codes oder Angeboten.<\/p>\n\n\n\n<h2 class=\"wp-block-heading\">5. Stornierungs- und \u00c4nderungspolitik<\/h2>\n\n\n\n<p>Es gelten die \u00fcblichen Bedingungen der Unterkunft:<\/p>\n\n\n\n<ul class=\"wp-block-list\">\n<li>Annullierungspolitik <strong>entsprechend dem gew\u00e4hlten Tarif<\/strong><\/li>\n\n\n\n<li>M\u00f6glichkeit von \u00c4nderungen <strong>vorbehaltlich der Verf\u00fcgbarkeit und der aktuellen Bedingungen zum Zeitpunkt der Buchung<\/strong><\/li>\n<\/ul>\n\n\n\n<h2 class=\"wp-block-heading\">6. Zus\u00e4tzliche Informationen<\/h2>\n\n\n\n<ul class=\"wp-block-list\">\n<li>Der Rabatt gilt <strong>nur f\u00fcr Buchungen, die direkt \u00fcber die offizielle Website erfolgen<\/strong>.<\/li>\n\n\n\n<li>Die Kampagne kann sein <strong>angepasst oder gek\u00fcndigt<\/strong> bei offensichtlichen Systemfehlern oder falschen Verf\u00fcgbarkeitsinformationen.<\/li>\n<\/ul>","protected":false},"excerpt":{"rendered":"<p>1. Black Friday Code Usage Period The discount code &#8211; BF25 &#8211; can be used from November 18 to December 2, until 11:59 PM. 2. Applicable Stay Period The promotion applies to reservations with stay dates from November 18 to February 28, inclusive. 3. Availability The offer is subject to apartment availability on the requested [&hellip;]<\/p>\n","protected":false},"author":1,"featured_media":3167,"parent":0,"menu_order":0,"comment_status":"closed","ping_status":"closed","template":"","meta":{"inline_featured_image":false,"footnotes":""},"class_list":["post-3631","page","type-page","status-publish","has-post-thumbnail","hentry"],"_links":{"self":[{"href":"https:\/\/ajudapalaceinn.com\/de\/wp-json\/wp\/v2\/pages\/3631","targetHints":{"allow":["GET"]}}],"collection":[{"href":"https:\/\/ajudapalaceinn.com\/de\/wp-json\/wp\/v2\/pages"}],"about":[{"href":"https:\/\/ajudapalaceinn.com\/de\/wp-json\/wp\/v2\/types\/page"}],"author":[{"embeddable":true,"href":"https:\/\/ajudapalaceinn.com\/de\/wp-json\/wp\/v2\/users\/1"}],"replies":[{"embeddable":true,"href":"https:\/\/ajudapalaceinn.com\/de\/wp-json\/wp\/v2\/comments?post=3631"}],"version-history":[{"count":0,"href":"https:\/\/ajudapalaceinn.com\/de\/wp-json\/wp\/v2\/pages\/3631\/revisions"}],"wp:featuredmedia":[{"embeddable":true,"href":"https:\/\/ajudapalaceinn.com\/de\/wp-json\/wp\/v2\/media\/3167"}],"wp:attachment":[{"href":"https:\/\/ajudapalaceinn.com\/de\/wp-json\/wp\/v2\/media?parent=3631"}],"curies":[{"name":"wp","href":"https:\/\/api.w.org\/{rel}","templated":true}]}}