{"id":3679,"date":"2026-02-02T17:43:12","date_gmt":"2026-02-02T17:43:12","guid":{"rendered":"https:\/\/ajudapalaceinn.com\/?page_id=3679"},"modified":"2026-02-02T17:43:12","modified_gmt":"2026-02-02T17:43:12","slug":"discount-code-terms-15api","status":"publish","type":"page","link":"https:\/\/ajudapalaceinn.com\/de\/rabattcode-bedingungen-15api\/","title":{"rendered":"Rabattcode Bedingungen - 15API"},"content":{"rendered":"<div class=\"wp-block-getwid-advanced-heading is-style-style-1 has-custom-font-size\" style=\"font-size:12px;margin-top:10px\"><span class=\"wp-block-getwid-advanced-heading__content\" style=\"text-transform:uppercase;letter-spacing:0.1em\">Laufender Rabattcode<\/span><\/div>\n\n\n\n<h2 class=\"wp-block-heading\"><strong>1. G\u00fcltigkeit des Codes<\/strong><\/h2>\n\n\n\n<p>Das <strong>15API<\/strong> Der Code ist f\u00fcr einen unbestimmten Zeitraum g\u00fcltig.<br>Die Kampagne kann ohne vorherige Ank\u00fcndigung angepasst oder beendet werden.<\/p>\n\n\n\n<h2 class=\"wp-block-heading\"><strong>2. Rabattantrag<\/strong><\/h2>\n\n\n\n<p>Der Kodex gew\u00e4hrt <strong>15% aus<\/strong> den Gesamtbetrag der Buchung.<br>Der Rabatt wird automatisch gew\u00e4hrt, wenn Sie den Code bei der Buchung eingeben.<\/p>\n\n\n\n<p>Er kann nicht mit anderen Werbeaktionen, Codes oder Angeboten kombiniert werden.<\/p>\n\n\n\n<h2 class=\"wp-block-heading\"><strong>3. Verf\u00fcgbarkeit<\/strong><\/h2>\n\n\n\n<p>Das Angebot ist <strong>je nach Verf\u00fcgbarkeit der Wohnung<\/strong> zu den gew\u00fcnschten Terminen.<br>Die Reservierungen werden in der Reihenfolge ihres Eingangs best\u00e4tigt.<\/p>\n\n\n\n<h2 class=\"wp-block-heading\"><strong>4. Stornierungs- und \u00c4nderungspolitik<\/strong><\/h2>\n\n\n\n<p>Es gelten die \u00fcblichen Unterkunftsbedingungen:<\/p>\n\n\n\n<ul class=\"wp-block-list\">\n<li>Stornierungsbedingungen entsprechend dem gew\u00e4hlten Tarif<\/li>\n\n\n\n<li>M\u00f6glichkeit von \u00c4nderungen je nach Verf\u00fcgbarkeit und aktuellen Bedingungen zum Zeitpunkt der Anfrage<\/li>\n<\/ul>\n\n\n\n<h2 class=\"wp-block-heading\"><strong>5. Zus\u00e4tzliche Informationen<\/strong><\/h2>\n\n\n\n<p>Der Rabatt gilt nur f\u00fcr Buchungen, die direkt \u00fcber die offizielle Website erfolgen.<br>Bei offensichtlichen Systemfehlern oder falschen Verf\u00fcgbarkeitsinformationen kann die Kampagne angepasst werden.<\/p>","protected":false},"excerpt":{"rendered":"<p>1. Code validity The 15API code is valid for an indefinite period.The campaign may be adjusted or terminated without prior notice. 2. Discount application The code grants 15% off the total booking amount.The discount is automatically applied when entering the code at the time of booking. It cannot be combined with other promotions, codes, or [&hellip;]<\/p>\n","protected":false},"author":1,"featured_media":3167,"parent":0,"menu_order":0,"comment_status":"closed","ping_status":"closed","template":"","meta":{"inline_featured_image":false,"footnotes":""},"class_list":["post-3679","page","type-page","status-publish","has-post-thumbnail","hentry"],"_links":{"self":[{"href":"https:\/\/ajudapalaceinn.com\/de\/wp-json\/wp\/v2\/pages\/3679","targetHints":{"allow":["GET"]}}],"collection":[{"href":"https:\/\/ajudapalaceinn.com\/de\/wp-json\/wp\/v2\/pages"}],"about":[{"href":"https:\/\/ajudapalaceinn.com\/de\/wp-json\/wp\/v2\/types\/page"}],"author":[{"embeddable":true,"href":"https:\/\/ajudapalaceinn.com\/de\/wp-json\/wp\/v2\/users\/1"}],"replies":[{"embeddable":true,"href":"https:\/\/ajudapalaceinn.com\/de\/wp-json\/wp\/v2\/comments?post=3679"}],"version-history":[{"count":1,"href":"https:\/\/ajudapalaceinn.com\/de\/wp-json\/wp\/v2\/pages\/3679\/revisions"}],"predecessor-version":[{"id":3681,"href":"https:\/\/ajudapalaceinn.com\/de\/wp-json\/wp\/v2\/pages\/3679\/revisions\/3681"}],"wp:featuredmedia":[{"embeddable":true,"href":"https:\/\/ajudapalaceinn.com\/de\/wp-json\/wp\/v2\/media\/3167"}],"wp:attachment":[{"href":"https:\/\/ajudapalaceinn.com\/de\/wp-json\/wp\/v2\/media?parent=3679"}],"curies":[{"name":"wp","href":"https:\/\/api.w.org\/{rel}","templated":true}]}}