{"id":3631,"date":"2025-11-17T16:06:42","date_gmt":"2025-11-17T16:06:42","guid":{"rendered":"https:\/\/ajudapalaceinn.com\/?page_id=3631"},"modified":"2025-11-17T16:06:45","modified_gmt":"2025-11-17T16:06:45","slug":"black-friday-2025-campaign-terms","status":"publish","type":"page","link":"https:\/\/ajudapalaceinn.com\/es\/terminos-de-la-campana-black-friday-2025\/","title":{"rendered":"T\u00e9rminos de la campa\u00f1a Black Friday 2025"},"content":{"rendered":"<div class=\"wp-block-getwid-advanced-heading is-style-style-1 has-custom-font-size\" style=\"font-size:12px;margin-top:10px\"><span class=\"wp-block-getwid-advanced-heading__content\" style=\"text-transform:uppercase;letter-spacing:0.1em\">Campa\u00f1a Black Friday v\u00e1lida con el c\u00f3digo promocional - BF25<\/span><\/div>\n\n\n\n<h2 class=\"wp-block-heading\">1. Periodo de uso del c\u00f3digo Black Friday<\/h2>\n\n\n\n<p>El c\u00f3digo de descuento - BF25 - se puede utilizar <strong>del 18 de noviembre al 2 de diciembre, hasta las 23.59 horas<\/strong>.<\/p>\n\n\n\n<h2 class=\"wp-block-heading\">2. Per\u00edodo de estancia aplicable<\/h2>\n\n\n\n<p>La promoci\u00f3n se aplica a las reservas con <strong>fechas de estancia del 18 de noviembre al 28 de febrero<\/strong>, ...inclusive.<\/p>\n\n\n\n<h2 class=\"wp-block-heading\">3. Disponibilidad<\/h2>\n\n\n\n<p>La oferta es <strong>sujeto a disponibilidad de apartamentos<\/strong> en las fechas solicitadas.<br>Reservas confirmadas <strong>en el orden en que se reciben<\/strong>.<br>Compruebe la disponibilidad aqu\u00ed: <a href=\"https:\/\/ajudapalaceinn.com\/es\/reservar-ahora\/\">https:\/\/ajudapalaceinn.com\/en\/book-now\/<\/a> <\/p>\n\n\n\n<h2 class=\"wp-block-heading\">4. Aplicaci\u00f3n de descuentos<\/h2>\n\n\n\n<p>El descuento es <strong>se aplica autom\u00e1ticamente<\/strong> despu\u00e9s de introducir el c\u00f3digo y al comienzo del proceso de reserva.<br>En <strong>no pueden combinarse<\/strong> con otras promociones, c\u00f3digos u ofertas.<\/p>\n\n\n\n<h2 class=\"wp-block-heading\">5. Pol\u00edtica de cancelaci\u00f3n y modificaci\u00f3n<\/h2>\n\n\n\n<p>Se aplican las condiciones habituales del alojamiento:<\/p>\n\n\n\n<ul class=\"wp-block-list\">\n<li>Pol\u00edtica de anulaci\u00f3n <strong>seg\u00fan la tarifa seleccionada<\/strong><\/li>\n\n\n\n<li>Posibilidad de modificaciones <strong>sujeto a disponibilidad y condiciones vigentes en el momento de la reserva<\/strong><\/li>\n<\/ul>\n\n\n\n<h2 class=\"wp-block-heading\">6. 6. Informaci\u00f3n adicional<\/h2>\n\n\n\n<ul class=\"wp-block-list\">\n<li>El descuento se aplica <strong>s\u00f3lo a las reservas efectuadas directamente a trav\u00e9s del sitio web oficial<\/strong>.<\/li>\n\n\n\n<li>La campa\u00f1a puede ser <strong>ajustado o finalizado<\/strong> en caso de errores evidentes del sistema o de informaci\u00f3n incorrecta sobre la disponibilidad.<\/li>\n<\/ul>","protected":false},"excerpt":{"rendered":"<p>1. Black Friday Code Usage Period The discount code &#8211; BF25 &#8211; can be used from November 18 to December 2, until 11:59 PM. 2. Applicable Stay Period The promotion applies to reservations with stay dates from November 18 to February 28, inclusive. 3. Availability The offer is subject to apartment availability on the requested [&hellip;]<\/p>\n","protected":false},"author":1,"featured_media":3167,"parent":0,"menu_order":0,"comment_status":"closed","ping_status":"closed","template":"","meta":{"inline_featured_image":false,"footnotes":""},"class_list":["post-3631","page","type-page","status-publish","has-post-thumbnail","hentry"],"_links":{"self":[{"href":"https:\/\/ajudapalaceinn.com\/es\/wp-json\/wp\/v2\/pages\/3631","targetHints":{"allow":["GET"]}}],"collection":[{"href":"https:\/\/ajudapalaceinn.com\/es\/wp-json\/wp\/v2\/pages"}],"about":[{"href":"https:\/\/ajudapalaceinn.com\/es\/wp-json\/wp\/v2\/types\/page"}],"author":[{"embeddable":true,"href":"https:\/\/ajudapalaceinn.com\/es\/wp-json\/wp\/v2\/users\/1"}],"replies":[{"embeddable":true,"href":"https:\/\/ajudapalaceinn.com\/es\/wp-json\/wp\/v2\/comments?post=3631"}],"version-history":[{"count":0,"href":"https:\/\/ajudapalaceinn.com\/es\/wp-json\/wp\/v2\/pages\/3631\/revisions"}],"wp:featuredmedia":[{"embeddable":true,"href":"https:\/\/ajudapalaceinn.com\/es\/wp-json\/wp\/v2\/media\/3167"}],"wp:attachment":[{"href":"https:\/\/ajudapalaceinn.com\/es\/wp-json\/wp\/v2\/media?parent=3631"}],"curies":[{"name":"wp","href":"https:\/\/api.w.org\/{rel}","templated":true}]}}