{"id":1030,"date":"2019-06-11T09:53:36","date_gmt":"2019-06-11T09:53:36","guid":{"rendered":"https:\/\/themes.getmotopress.com\/luviana\/?page_id=17"},"modified":"2025-11-04T17:43:25","modified_gmt":"2025-11-04T17:43:25","slug":"ajuda-neighborhood-in-lisbon","status":"publish","type":"page","link":"https:\/\/ajudapalaceinn.com\/fr\/commencer\/quartier-ajuda-a-lisbonne\/","title":{"rendered":"Quartier Ajuda \u00e0 Lisbonne"},"content":{"rendered":"<p>Situ\u00e9 \u00e0 c\u00f4t\u00e9 de Bel\u00e9m et de l'Alc\u00e2ntara, ce quartier est connu, entre autres caract\u00e9ristiques, pour chercher \u00e0 conserver sa structure d'origine. De plus, elle poss\u00e8de un patrimoine diversifi\u00e9 en raison des nombreuses g\u00e9n\u00e9rations qui y sont pass\u00e9es.  <\/p>\n\n\n\n<!--more-->\n<!--noteaser-->\n\n\n\n<div class=\"wp-block-getwid-section alignfull alignfull getwid-anim bounceInDownShort getwid-section-content-custom-width\" data-wow-duration=\"1500ms\" data-wow-delay=\"200ms\"><div class=\"wp-block-getwid-section__wrapper getwid-padding-mobile-left-small getwid-padding-mobile-right-small\"><div class=\"wp-block-getwid-section__inner-wrapper\" style=\"max-width:1280px\"><div class=\"wp-block-getwid-section__background-holder\"><div class=\"wp-block-getwid-section__background\"><\/div><div class=\"wp-block-getwid-section__foreground\"><\/div><\/div><div class=\"wp-block-getwid-section__content\"><div class=\"wp-block-getwid-section__inner-content\">\n<div class=\"wp-block-columns has-2-columns is-layout-flex wp-container-core-columns-is-layout-9d6595d7 wp-block-columns-is-layout-flex\">\n<div class=\"wp-block-column is-layout-flow wp-block-column-is-layout-flow\">\n<div class=\"wp-block-getwid-images-stack is-layout-zeta\"><div class=\"wp-block-getwid-images-stack__wrapper\"><div class=\"wp-block-getwid-images-stack__chunk\"><div class=\"wp-block-getwid-images-stack__media-wrapper\"><div class=\"wp-block-getwid-images-stack__media-inner-wrapper\"><img loading=\"lazy\" decoding=\"async\" width=\"2048\" height=\"1365\" class=\"wp-block-getwid-images-stack__media wp-image-3359\" src=\"https:\/\/ajudapalaceinn.com\/wp-content\/uploads\/2024\/09\/IMG_7942-scaled-1.webp\" data-id=\"3359\" data-link=\"https:\/\/ajudapalaceinn.com\/home\/ajuda-neighborhood-in-lisbon\/attachment\/img_7942-scaled\/\" alt=\"\" title=\"\" srcset=\"https:\/\/ajudapalaceinn.com\/wp-content\/uploads\/2024\/09\/IMG_7942-scaled-1.webp 2048w, https:\/\/ajudapalaceinn.com\/wp-content\/uploads\/2024\/09\/IMG_7942-scaled-1-300x200.webp 300w, https:\/\/ajudapalaceinn.com\/wp-content\/uploads\/2024\/09\/IMG_7942-scaled-1-1024x683.webp 1024w, https:\/\/ajudapalaceinn.com\/wp-content\/uploads\/2024\/09\/IMG_7942-scaled-1-768x512.webp 768w, https:\/\/ajudapalaceinn.com\/wp-content\/uploads\/2024\/09\/IMG_7942-scaled-1-1536x1024.webp 1536w, https:\/\/ajudapalaceinn.com\/wp-content\/uploads\/2024\/09\/IMG_7942-scaled-1-18x12.webp 18w, https:\/\/ajudapalaceinn.com\/wp-content\/uploads\/2024\/09\/IMG_7942-scaled-1-1170x780.webp 1170w\" sizes=\"auto, (max-width: 2048px) 100vw, 2048px\" \/><\/div><\/div><div class=\"wp-block-getwid-images-stack__media-wrapper\"><div class=\"wp-block-getwid-images-stack__media-inner-wrapper\"><img loading=\"lazy\" decoding=\"async\" width=\"1000\" height=\"680\" class=\"wp-block-getwid-images-stack__media wp-image-3360\" src=\"https:\/\/ajudapalaceinn.com\/wp-content\/uploads\/2024\/09\/LisbonShopping_JardimBotAjuda_1600x1200_cred-CML-1000x680-1.jpg\" data-id=\"3360\" data-link=\"https:\/\/ajudapalaceinn.com\/home\/ajuda-neighborhood-in-lisbon\/attachment\/lisbonshopping_jardimbotajuda_1600x1200_cred-cml-1000x680\/\" alt=\"\" title=\"\" srcset=\"https:\/\/ajudapalaceinn.com\/wp-content\/uploads\/2024\/09\/LisbonShopping_JardimBotAjuda_1600x1200_cred-CML-1000x680-1.jpg 1000w, https:\/\/ajudapalaceinn.com\/wp-content\/uploads\/2024\/09\/LisbonShopping_JardimBotAjuda_1600x1200_cred-CML-1000x680-1-300x204.jpg 300w, https:\/\/ajudapalaceinn.com\/wp-content\/uploads\/2024\/09\/LisbonShopping_JardimBotAjuda_1600x1200_cred-CML-1000x680-1-768x522.jpg 768w, https:\/\/ajudapalaceinn.com\/wp-content\/uploads\/2024\/09\/LisbonShopping_JardimBotAjuda_1600x1200_cred-CML-1000x680-1-18x12.jpg 18w\" sizes=\"auto, (max-width: 1000px) 100vw, 1000px\" \/><\/div><\/div><\/div><\/div><\/div>\n<\/div>\n\n\n\n<div class=\"wp-block-column is-layout-flow wp-block-column-is-layout-flow\">\n<div class=\"wp-block-getwid-advanced-heading is-style-style-1 has-custom-font-size\" style=\"font-size:12px\"><p class=\"wp-block-getwid-advanced-heading__content\" style=\"text-transform:uppercase;letter-spacing:0.1em\">D\u00e9couvrez Lisbonne en s\u00e9journant dans nos appartements<\/p><\/div>\n\n\n\n<div class=\"wp-block-getwid-advanced-heading\" style=\"margin-bottom:2%\"><h2 class=\"wp-block-getwid-advanced-heading__content\">D\u00e9couvrez le Bairro da Ajuda : le charmant quartier de Lisbonne o\u00f9 vous pourrez passer des vacances paisibles et relaxantes.<\/h2><\/div>\n\n\n\n<p>Au centre et au point culminant, a \u00e9t\u00e9 construit le Palais National d'Ajuda, autour duquel tout le quartier s'\u00e9tend dans une rue montante et descendante, dont certaines sont \u00e9troites et inclin\u00e9es. Un authentique labyrinthe de rues qui m\u00e9rite d'\u00eatre explor\u00e9. Le quartier d'Ajuda est un quartier tr\u00e8s typique de la ville, qui rappelle encore un vieux Lisbonne, o\u00f9 vivent encore de nombreuses familles typiquement lisbo\u00e8tes. Malgr\u00e9 cela, le quartier d'Ajuda finit par \u00eatre un quartier tr\u00e8s calme, tr\u00e8s proche de l'agitation du centre et du centre-ville de Lisbonne.<\/p>\n\n\n\n<p>Le quartier d'Ajuda poss\u00e8de \u00e9galement quelques points d'int\u00e9r\u00eat touristique comme le Jardin Botanique qui rassemble plus de 5000 esp\u00e8ces de plantes et une superbe vue sur la ville et le Tage.<\/p>\n\n\n\n<p>Un autre endroit incontournable est Tapada da Ajuda. Tapada da Ajuda est un vaste parc botanique qui comprend une universit\u00e9 d'\u00e9tudes agricoles (l'un des plus grands instituts de sciences agricoles du pays), ainsi qu'une r\u00e9serve botanique internationalement reconnue pour sa for\u00eat d'oliviers sauvages.<\/p>\n<\/div>\n<\/div>\n<\/div><\/div><\/div><\/div><\/div>\n\n\n\n<div class=\"wp-block-getwid-section alignfull alignfull getwid-anim bounceInUpShort getwid-margin-top-medium getwid-margin-bottom-medium getwid-section-content-custom-width\" data-wow-duration=\"1500ms\" data-wow-delay=\"200ms\"><div class=\"wp-block-getwid-section__wrapper getwid-padding-top-medium getwid-padding-bottom-medium getwid-margin-left-medium getwid-margin-right-medium\"><div class=\"wp-block-getwid-section__inner-wrapper\" style=\"max-width:1280px\"><div class=\"wp-block-getwid-section__background-holder\"><div class=\"wp-block-getwid-section__background\"><\/div><div class=\"wp-block-getwid-section__foreground\"><\/div><\/div><div class=\"wp-block-getwid-section__content\"><div class=\"wp-block-getwid-section__inner-content\">\n<div class=\"wp-block-columns alignfull are-vertically-aligned-center is-layout-flex wp-container-core-columns-is-layout-9d6595d7 wp-block-columns-is-layout-flex\">\n<div class=\"wp-block-column is-vertically-aligned-center is-layout-flow wp-block-column-is-layout-flow\" style=\"flex-basis:66.66%\">\n<div class=\"wp-block-getwid-advanced-heading is-style-style-1 has-custom-font-size\" style=\"font-size:12px;margin-bottom:0px\"><p class=\"wp-block-getwid-advanced-heading__content\" style=\"text-transform:uppercase;letter-spacing:0.1em;padding-bottom:0px\">R\u00c9SERVEZ VOTRE S\u00c9JOUR AVEC NOUS D\u00c8S AUJOURD'HUI ET D\u00c9COUVREZ LE MEILLEUR DE CE QUE LISBONNE A \u00c0 OFFRIR<\/p><\/div>\n\n\n\n<div class=\"wp-block-getwid-advanced-heading\"><h3 class=\"wp-block-getwid-advanced-heading__content\">Lisbon Prime Apartments<\/h3><\/div>\n<\/div>\n\n\n\n<div class=\"wp-block-column is-vertically-aligned-center is-layout-flow wp-block-column-is-layout-flow\" style=\"flex-basis:33.33%\">\n<div class=\"wp-block-buttons is-content-justification-right is-layout-flex wp-container-core-buttons-is-layout-765c4724 wp-block-buttons-is-layout-flex\">\n<div class=\"wp-block-button\"><a class=\"wp-block-button__link wp-element-button\" href=\"https:\/\/ajudapalaceinn.com\/fr\/reserve-maintenant\/\" title=\"Plateforme de r\u00e9servation Ajuda Palace Inn\" target=\"_blank\" rel=\"dofollow noopener noreferrer\">RESERVE MAINTENANT!<\/a><\/div>\n<\/div>\n<\/div>\n<\/div>\n<\/div><\/div><\/div><\/div><\/div>\n\n\n\n<div class=\"wp-block-getwid-section alignfull alignfull getwid-anim bounceInUpShort getwid-margin-top-large getwid-margin-bottom-large getwid-section-content-custom-width\" data-wow-duration=\"1500ms\" data-wow-delay=\"200ms\"><div class=\"wp-block-getwid-section__wrapper getwid-padding-top-none getwid-padding-bottom-none getwid-padding-mobile-left-small getwid-padding-mobile-right-small\"><div class=\"wp-block-getwid-section__inner-wrapper\" style=\"max-width:1280px\"><div class=\"wp-block-getwid-section__background-holder\"><div class=\"wp-block-getwid-section__background\" style=\"background-image:url('https:\/\/ajudapalaceinn.com\/wp-content\/uploads\/2024\/09\/Palacio-da-Ajuda-scaled.webp');background-position:center center\"><div class=\"wp-block-getwid-section__background-image-wrapper\"><img decoding=\"async\" class=\"wp-block-getwid-section__background-image\" src=\"https:\/\/ajudapalaceinn.com\/wp-content\/uploads\/2024\/09\/Palacio-da-Ajuda-scaled.webp\" alt=\"\" title=\"\"><\/div><\/div><div class=\"wp-block-getwid-section__foreground\"><\/div><\/div><div class=\"wp-block-getwid-section__content\"><div class=\"wp-block-getwid-section__inner-content\">\n<div class=\"wp-block-getwid-section alignfull alignfull getwid-anim bounceInRightShort\" style=\"margin-top:-60px;margin-bottom:-60px\" data-wow-duration=\"400ms\" data-wow-delay=\"200ms\"><div class=\"wp-block-getwid-section__wrapper getwid-padding-left-medium getwid-padding-right-medium getwid-padding-mobile-top-medium getwid-padding-mobile-bottom-medium getwid-padding-mobile-left-small getwid-padding-mobile-right-small getwid-margin-tablet-left-none\" style=\"margin-left:50%;padding-top:110px;padding-bottom:110px\"><div class=\"wp-block-getwid-section__inner-wrapper\"><div class=\"wp-block-getwid-section__background-holder\"><div class=\"wp-block-getwid-section__background has-background\" style=\"background-color:#8d6d70\"><\/div><div class=\"wp-block-getwid-section__foreground\"><\/div><\/div><div class=\"wp-block-getwid-section__content\"><div class=\"wp-block-getwid-section__inner-content\">\n<div class=\"wp-block-getwid-advanced-heading is-style-default\" style=\"margin-bottom:2%\"><h2 class=\"wp-block-getwid-advanced-heading__content has-text-color has-white-color\">Palais National d'Ajuda<\/h2><\/div>\n\n\n\n<p class=\"has-white-color has-text-color\" style=\"font-size:16px\">Palais National d'Ajuda, \u00e9tait autrefois un ancien palais royal et monument national qui est aujourd'hui un magnifique mus\u00e9e \u00e0 visiter (Royal Treasury Museum). Ce monument majestueux est situ\u00e9 \u00e0 c\u00f4t\u00e9 du complexe d'appartements touristiques Ajuda Palace Inn.<br><br>Le Palais National d'Ajuda est une r\u00e9f\u00e9rence historique importante qui refl\u00e8te la grandeur du Portugal. Son architecture n\u00e9oclassique, construite au XIX\u00e8me si\u00e8cle, t\u00e9moigne de la splendeur de la monarchie portugaise. Ce palais abrite de pr\u00e9cieuses collections d\u2019art, de meubles et d\u2019objets r\u00e9els qui racontent avec \u00e9loquence l\u2019histoire du pays.<\/p>\n<\/div><\/div><\/div><\/div><\/div>\n<\/div><\/div><\/div><\/div><\/div>\n\n\n\n<div class=\"wp-block-getwid-section alignfull alignfull getwid-anim bounceInUpShort getwid-margin-top-small getwid-margin-bottom-small getwid-section-content-custom-width\" data-wow-duration=\"1500ms\" data-wow-delay=\"200ms\"><div class=\"wp-block-getwid-section__wrapper getwid-padding-mobile-left-small getwid-padding-mobile-right-small\"><div class=\"wp-block-getwid-section__inner-wrapper\" style=\"max-width:1280px\"><div class=\"wp-block-getwid-section__background-holder\"><div class=\"wp-block-getwid-section__background\"><\/div><div class=\"wp-block-getwid-section__foreground\"><\/div><\/div><div class=\"wp-block-getwid-section__content\"><div class=\"wp-block-getwid-section__inner-content\">\n<div class=\"wp-block-getwid-advanced-heading is-style-style-1 has-custom-font-size\" style=\"font-size:12px;margin-bottom:0px\"><p class=\"wp-block-getwid-advanced-heading__content\" style=\"text-transform:uppercase;line-height:2em;letter-spacing:0.1em;padding-bottom:1em\"> partagez-nous sur les m\u00e9dias sociaux !<\/p><\/div>\n\n\n\n<ul class=\"wp-block-outermost-social-sharing is-style-pill-shape is-layout-flex wp-block-outermost-social-sharing-is-layout-flex\"><li class=\"outermost-social-sharing-link outermost-social-sharing-link-facebook  wp-block-outermost-social-sharing-link\">\n\t<a href=\"https:\/\/www.facebook.com\/sharer\/sharer.php?u=https%3A%2F%2Fajudapalaceinn.com%2Ffr%2Fcommencer%2Fquartier-ajuda-a-lisbonne%2F&#038;title=Ajuda%20Neighborhood%20in%20Lisbon\" aria-label=\"Partager sur Facebook\" rel=\"noopener nofollow\" target=\"_blank\" class=\"wp-block-outermost-social-sharing-link-anchor\">\n\t\t<svg width=\"24\" height=\"24\" viewbox=\"0 0 24 24\" version=\"1.1\" xmlns=\"http:\/\/www.w3.org\/2000\/svg\" aria-hidden=\"true\" focusable=\"false\"><path d=\"M12 2C6.5 2 2 6.5 2 12c0 5 3.7 9.1 8.4 9.9v-7H7.9V12h2.5V9.8c0-2.5 1.5-3.9 3.8-3.9 1.1 0 2.2.2 2.2.2v2.5h-1.3c-1.2 0-1.6.8-1.6 1.6V12h2.8l-.4 2.9h-2.3v7C18.3 21.1 22 17 22 12c0-5.5-4.5-10-10-10z\"><\/path><\/svg>\t\t<span class=\"wp-block-outermost-social-sharing-link-label screen-reader-text\">\n\t\t\tPartager sur Facebook\t\t<\/span>\n\t<\/a>\n<\/li>\n\n\n<li class=\"outermost-social-sharing-link outermost-social-sharing-link-x  wp-block-outermost-social-sharing-link\">\n\t<a href=\"https:\/\/x.com\/share?url=https%3A%2F%2Fajudapalaceinn.com%2Ffr%2Fcommencer%2Fquartier-ajuda-a-lisbonne%2F&#038;text=Ajuda%20Neighborhood%20in%20Lisbon\" aria-label=\"Partager sur X\" rel=\"noopener nofollow\" target=\"_blank\" class=\"wp-block-outermost-social-sharing-link-anchor\">\n\t\t<svg width=\"24\" height=\"24\" viewbox=\"0 0 24 24\" version=\"1.1\" xmlns=\"http:\/\/www.w3.org\/2000\/svg\" aria-hidden=\"true\" focusable=\"false\"><path d=\"M13.982 10.622 20.54 3h-1.554l-5.693 6.618L8.745 3H3.5l6.876 10.007L3.5 21h1.554l6.012-6.989L15.868 21h5.245l-7.131-10.378Zm-2.128 2.474-.697-.997-5.543-7.93H8l4.474 6.4.697.996 5.815 8.318h-2.387l-4.745-6.787Z\"><\/path><\/svg>\t\t<span class=\"wp-block-outermost-social-sharing-link-label screen-reader-text\">\n\t\t\tPartager sur X\t\t<\/span>\n\t<\/a>\n<\/li>\n\n\n<li class=\"outermost-social-sharing-link outermost-social-sharing-link-whatsapp  wp-block-outermost-social-sharing-link\">\n\t<a href=\"https:\/\/api.whatsapp.com\/send?text=Ajuda%20Neighborhood%20in%20Lisbon%20&mdash;%20https%3A%2F%2Fajudapalaceinn.com%2Ffr%2Fcommencer%2Fquartier-ajuda-a-lisbonne%2F\" aria-label=\"Partager sur WhatsApp\" rel=\"noopener nofollow\" target=\"_blank\" class=\"wp-block-outermost-social-sharing-link-anchor\">\n\t\t<svg width=\"24\" height=\"24\" viewbox=\"0 0 24 24\" version=\"1.1\" xmlns=\"http:\/\/www.w3.org\/2000\/svg\" aria-hidden=\"true\" focusable=\"false\"><path d=\"M 12.011719 2 C 6.5057187 2 2.0234844 6.478375 2.0214844 11.984375 C 2.0204844 13.744375 2.4814687 15.462563 3.3554688 16.976562 L 2 22 L 7.2324219 20.763672 C 8.6914219 21.559672 10.333859 21.977516 12.005859 21.978516 L 12.009766 21.978516 C 17.514766 21.978516 21.995047 17.499141 21.998047 11.994141 C 22.000047 9.3251406 20.962172 6.8157344 19.076172 4.9277344 C 17.190172 3.0407344 14.683719 2.001 12.011719 2 z M 12.009766 4 C 14.145766 4.001 16.153109 4.8337969 17.662109 6.3417969 C 19.171109 7.8517969 20.000047 9.8581875 19.998047 11.992188 C 19.996047 16.396187 16.413812 19.978516 12.007812 19.978516 C 10.674812 19.977516 9.3544062 19.642812 8.1914062 19.007812 L 7.5175781 18.640625 L 6.7734375 18.816406 L 4.8046875 19.28125 L 5.2851562 17.496094 L 5.5019531 16.695312 L 5.0878906 15.976562 C 4.3898906 14.768562 4.0204844 13.387375 4.0214844 11.984375 C 4.0234844 7.582375 7.6067656 4 12.009766 4 z M 8.4765625 7.375 C 8.3095625 7.375 8.0395469 7.4375 7.8105469 7.6875 C 7.5815469 7.9365 6.9355469 8.5395781 6.9355469 9.7675781 C 6.9355469 10.995578 7.8300781 12.182609 7.9550781 12.349609 C 8.0790781 12.515609 9.68175 15.115234 12.21875 16.115234 C 14.32675 16.946234 14.754891 16.782234 15.212891 16.740234 C 15.670891 16.699234 16.690438 16.137687 16.898438 15.554688 C 17.106437 14.971687 17.106922 14.470187 17.044922 14.367188 C 16.982922 14.263188 16.816406 14.201172 16.566406 14.076172 C 16.317406 13.951172 15.090328 13.348625 14.861328 13.265625 C 14.632328 13.182625 14.464828 13.140625 14.298828 13.390625 C 14.132828 13.640625 13.655766 14.201187 13.509766 14.367188 C 13.363766 14.534188 13.21875 14.556641 12.96875 14.431641 C 12.71875 14.305641 11.914938 14.041406 10.960938 13.191406 C 10.218937 12.530406 9.7182656 11.714844 9.5722656 11.464844 C 9.4272656 11.215844 9.5585938 11.079078 9.6835938 10.955078 C 9.7955938 10.843078 9.9316406 10.663578 10.056641 10.517578 C 10.180641 10.371578 10.223641 10.267562 10.306641 10.101562 C 10.389641 9.9355625 10.347156 9.7890625 10.285156 9.6640625 C 10.223156 9.5390625 9.737625 8.3065 9.515625 7.8125 C 9.328625 7.3975 9.131125 7.3878594 8.953125 7.3808594 C 8.808125 7.3748594 8.6425625 7.375 8.4765625 7.375 z\"><\/path><\/svg>\t\t<span class=\"wp-block-outermost-social-sharing-link-label screen-reader-text\">\n\t\t\tPartager sur WhatsApp\t\t<\/span>\n\t<\/a>\n<\/li>\n\n\n<li class=\"outermost-social-sharing-link outermost-social-sharing-link-threads  wp-block-outermost-social-sharing-link\">\n\t<a href=\"https:\/\/www.threads.net\/intent\/post?text=https%3A%2F%2Fajudapalaceinn.com%2Ffr%2Fcommencer%2Fquartier-ajuda-a-lisbonne%2F\" aria-label=\"Partager sur Threads\" rel=\"noopener nofollow\" target=\"_blank\" class=\"wp-block-outermost-social-sharing-link-anchor\">\n\t\t<svg width=\"24\" height=\"24\" viewbox=\"0 0 24 24\" version=\"1.1\" xmlns=\"http:\/\/www.w3.org\/2000\/svg\" aria-hidden=\"true\" focusable=\"false\"><path d=\"M16.3 11.3c-.1 0-.2-.1-.2-.1-.1-2.6-1.5-4-3.9-4-1.4 0-2.6.6-3.3 1.7l1.3.9c.5-.8 1.4-1 2-1 .8 0 1.4.2 1.7.7.3.3.5.8.5 1.3-.7-.1-1.4-.2-2.2-.1-2.2.1-3.7 1.4-3.6 3.2 0 .9.5 1.7 1.3 2.2.7.4 1.5.6 2.4.6 1.2-.1 2.1-.5 2.7-1.3.5-.6.8-1.4.9-2.4.6.3 1 .8 1.2 1.3.4.9.4 2.4-.8 3.6-1.1 1.1-2.3 1.5-4.3 1.5-2.1 0-3.8-.7-4.8-2S5.7 14.3 5.7 12c0-2.3.5-4.1 1.5-5.4 1.1-1.3 2.7-2 4.8-2 2.2 0 3.8.7 4.9 2 .5.7.9 1.5 1.2 2.5l1.5-.4c-.3-1.2-.8-2.2-1.5-3.1-1.3-1.7-3.3-2.6-6-2.6-2.6 0-4.7.9-6 2.6C4.9 7.2 4.3 9.3 4.3 12s.6 4.8 1.9 6.4c1.4 1.7 3.4 2.6 6 2.6 2.3 0 4-.6 5.3-2 1.8-1.8 1.7-4 1.1-5.4-.4-.9-1.2-1.7-2.3-2.3zm-4 3.8c-1 .1-2-.4-2-1.3 0-.7.5-1.5 2.1-1.6h.5c.6 0 1.1.1 1.6.2-.2 2.3-1.3 2.7-2.2 2.7z\"\/><\/svg>\t\t<span class=\"wp-block-outermost-social-sharing-link-label screen-reader-text\">\n\t\t\tPartager sur Threads\t\t<\/span>\n\t<\/a>\n<\/li>\n\n\n<li class=\"outermost-social-sharing-link outermost-social-sharing-link-pinterest  wp-block-outermost-social-sharing-link\">\n\t<a href=\"https:\/\/pinterest.com\/pin\/create\/button\/?&#038;url=https%3A%2F%2Fajudapalaceinn.com%2Ffr%2Fcommencer%2Fquartier-ajuda-a-lisbonne%2F&#038;description=Ajuda%20Neighborhood%20in%20Lisbon&#038;media=https%3A%2F%2Fajudapalaceinn.com%2Fwp-content%2Fuploads%2F2025%2F11%2FDJI_0004-1024x683.jpg\" aria-label=\"Partager sur Pinterest\" rel=\"noopener nofollow\" target=\"_blank\" class=\"wp-block-outermost-social-sharing-link-anchor\">\n\t\t<svg width=\"24\" height=\"24\" viewbox=\"0 0 24 24\" version=\"1.1\" xmlns=\"http:\/\/www.w3.org\/2000\/svg\" aria-hidden=\"true\" focusable=\"false\"><path d=\"M12.289,2C6.617,2,3.606,5.648,3.606,9.622c0,1.846,1.025,4.146,2.666,4.878c0.25,0.111,0.381,0.063,0.439-0.169 c0.044-0.175,0.267-1.029,0.365-1.428c0.032-0.128,0.017-0.237-0.091-0.362C6.445,11.911,6.01,10.75,6.01,9.668 c0-2.777,2.194-5.464,5.933-5.464c3.23,0,5.49,2.108,5.49,5.122c0,3.407-1.794,5.768-4.13,5.768c-1.291,0-2.257-1.021-1.948-2.277 c0.372-1.495,1.089-3.112,1.089-4.191c0-0.967-0.542-1.775-1.663-1.775c-1.319,0-2.379,1.309-2.379,3.059 c0,1.115,0.394,1.869,0.394,1.869s-1.302,5.279-1.54,6.261c-0.405,1.666,0.053,4.368,0.094,4.604 c0.021,0.126,0.167,0.169,0.25,0.063c0.129-0.165,1.699-2.419,2.142-4.051c0.158-0.59,0.817-2.995,0.817-2.995 c0.43,0.784,1.681,1.446,3.013,1.446c3.963,0,6.822-3.494,6.822-7.833C20.394,5.112,16.849,2,12.289,2\"><\/path><\/svg>\t\t<span class=\"wp-block-outermost-social-sharing-link-label screen-reader-text\">\n\t\t\tPartager sur Pinterest\t\t<\/span>\n\t<\/a>\n<\/li>\n\n\n<li class=\"outermost-social-sharing-link outermost-social-sharing-link-linkedin  wp-block-outermost-social-sharing-link\">\n\t<a href=\"https:\/\/www.linkedin.com\/shareArticle?mini=true&#038;url=https%3A%2F%2Fajudapalaceinn.com%2Ffr%2Fcommencer%2Fquartier-ajuda-a-lisbonne%2F&#038;title=Ajuda%20Neighborhood%20in%20Lisbon\" aria-label=\"Partager sur LinkedIn\" rel=\"noopener nofollow\" target=\"_blank\" class=\"wp-block-outermost-social-sharing-link-anchor\">\n\t\t<svg width=\"24\" height=\"24\" viewbox=\"0 0 24 24\" version=\"1.1\" xmlns=\"http:\/\/www.w3.org\/2000\/svg\" aria-hidden=\"true\" focusable=\"false\"><path d=\"M19.7,3H4.3C3.582,3,3,3.582,3,4.3v15.4C3,20.418,3.582,21,4.3,21h15.4c0.718,0,1.3-0.582,1.3-1.3V4.3 C21,3.582,20.418,3,19.7,3z M8.339,18.338H5.667v-8.59h2.672V18.338z M7.004,8.574c-0.857,0-1.549-0.694-1.549-1.548 c0-0.855,0.691-1.548,1.549-1.548c0.854,0,1.547,0.694,1.547,1.548C8.551,7.881,7.858,8.574,7.004,8.574z M18.339,18.338h-2.669 v-4.177c0-0.996-0.017-2.278-1.387-2.278c-1.389,0-1.601,1.086-1.601,2.206v4.249h-2.667v-8.59h2.559v1.174h0.037 c0.356-0.675,1.227-1.387,2.526-1.387c2.703,0,3.203,1.779,3.203,4.092V18.338z\"><\/path><\/svg>\t\t<span class=\"wp-block-outermost-social-sharing-link-label screen-reader-text\">\n\t\t\tPartager sur LinkedIn\t\t<\/span>\n\t<\/a>\n<\/li>\n\n\n<li class=\"outermost-social-sharing-link outermost-social-sharing-link-telegram  wp-block-outermost-social-sharing-link\">\n\t<a href=\"https:\/\/telegram.me\/share\/url?url=https%3A%2F%2Fajudapalaceinn.com%2Ffr%2Fcommencer%2Fquartier-ajuda-a-lisbonne%2F&#038;text=Ajuda%20Neighborhood%20in%20Lisbon\" aria-label=\"Partager sur Telegram\" rel=\"noopener nofollow\" target=\"_blank\" class=\"wp-block-outermost-social-sharing-link-anchor\">\n\t\t<svg width=\"24\" height=\"24\" viewbox=\"0 0 128 128\" version=\"1.1\" xmlns=\"http:\/\/www.w3.org\/2000\/svg\" aria-hidden=\"true\" focusable=\"false\"><path d=\"M28.97 63.324c18.657-8.128 31.098-13.487 37.323-16.076 17.774-7.393 21.467-8.677 23.874-8.72.53-.009 1.713.122 2.48.745.648.525.826 1.235.911 1.733.085.498.191 1.633.107 2.52-.963 10.12-5.13 34.677-7.25 46.012-.898 4.796-2.664 6.404-4.375 6.561-3.716.342-6.538-2.456-10.138-4.815-5.633-3.693-8.815-5.991-14.283-9.594-6.319-4.164-2.222-6.453 1.379-10.193.942-.98 17.318-15.874 17.634-17.225.04-.169.077-.799-.297-1.131-.375-.333-.927-.22-1.325-.129-.565.128-9.564 6.076-26.996 17.843-2.554 1.754-4.868 2.609-6.94 2.564-2.286-.05-6.681-1.292-9.95-2.354-4.007-1.303-7.193-1.992-6.915-4.205.144-1.152 1.731-2.33 4.761-3.536Z\"><\/path><\/svg>\t\t<span class=\"wp-block-outermost-social-sharing-link-label screen-reader-text\">\n\t\t\tPartager sur Telegram\t\t<\/span>\n\t<\/a>\n<\/li>\n\n\n<li class=\"outermost-social-sharing-link outermost-social-sharing-link-mail  wp-block-outermost-social-sharing-link\">\n\t<a href=\"mailto:?subject=Ajuda%20Neighborhood%20in%20Lisbon&#038;body=Ajuda%20Neighborhood%20in%20Lisbon%20&mdash;%20https%3A%2F%2Fajudapalaceinn.com%2Ffr%2Fcommencer%2Fquartier-ajuda-a-lisbonne%2F\" aria-label=\"Envoyer cette page par e-mail\"  class=\"wp-block-outermost-social-sharing-link-anchor\">\n\t\t<svg width=\"24\" height=\"24\" viewbox=\"0 0 24 24\" version=\"1.1\" xmlns=\"http:\/\/www.w3.org\/2000\/svg\" aria-hidden=\"true\" focusable=\"false\"><path d=\"M20,4H4C2.895,4,2,4.895,2,6v12c0,1.105,0.895,2,2,2h16c1.105,0,2-0.895,2-2V6C22,4.895,21.105,4,20,4z M20,8.236l-8,4.882 L4,8.236V6h16V8.236z\"><\/path><\/svg>\t\t<span class=\"wp-block-outermost-social-sharing-link-label screen-reader-text\">\n\t\t\tEnvoyer cette page par e-mail\t\t<\/span>\n\t<\/a>\n<\/li>\n<\/ul>\n<\/div><\/div><\/div><\/div><\/div>","protected":false},"excerpt":{"rendered":"<p>Situ\u00e9 \u00e0 c\u00f4t\u00e9 de Bel\u00e9m et de l'Alc\u00e2ntara, ce quartier est connu, entre autres caract\u00e9ristiques, pour chercher \u00e0 conserver sa structure d'origine. De plus, elle poss\u00e8de un patrimoine diversifi\u00e9 en raison des nombreuses g\u00e9n\u00e9rations qui y sont pass\u00e9es.  <\/p>","protected":false},"author":1,"featured_media":3584,"parent":1028,"menu_order":4,"comment_status":"closed","ping_status":"closed","template":"","meta":{"inline_featured_image":false,"footnotes":""},"class_list":["post-1030","page","type-page","status-publish","has-post-thumbnail","hentry"],"_links":{"self":[{"href":"https:\/\/ajudapalaceinn.com\/fr\/wp-json\/wp\/v2\/pages\/1030","targetHints":{"allow":["GET"]}}],"collection":[{"href":"https:\/\/ajudapalaceinn.com\/fr\/wp-json\/wp\/v2\/pages"}],"about":[{"href":"https:\/\/ajudapalaceinn.com\/fr\/wp-json\/wp\/v2\/types\/page"}],"author":[{"embeddable":true,"href":"https:\/\/ajudapalaceinn.com\/fr\/wp-json\/wp\/v2\/users\/1"}],"replies":[{"embeddable":true,"href":"https:\/\/ajudapalaceinn.com\/fr\/wp-json\/wp\/v2\/comments?post=1030"}],"version-history":[{"count":0,"href":"https:\/\/ajudapalaceinn.com\/fr\/wp-json\/wp\/v2\/pages\/1030\/revisions"}],"up":[{"embeddable":true,"href":"https:\/\/ajudapalaceinn.com\/fr\/wp-json\/wp\/v2\/pages\/1028"}],"wp:featuredmedia":[{"embeddable":true,"href":"https:\/\/ajudapalaceinn.com\/fr\/wp-json\/wp\/v2\/media\/3584"}],"wp:attachment":[{"href":"https:\/\/ajudapalaceinn.com\/fr\/wp-json\/wp\/v2\/media?parent=1030"}],"curies":[{"name":"wp","href":"https:\/\/api.w.org\/{rel}","templated":true}]}}