{"id":228,"date":"2019-06-12T07:44:45","date_gmt":"2019-06-12T07:44:45","guid":{"rendered":"https:\/\/themes.getmotopress.com\/luviana\/?page_id=228"},"modified":"2025-10-31T15:32:54","modified_gmt":"2025-10-31T15:32:54","slug":"about-us","status":"publish","type":"page","link":"https:\/\/ajudapalaceinn.com\/fr\/a-propos-de-nous\/","title":{"rendered":"\u00c0 propos de nous"},"content":{"rendered":"<div class=\"wp-block-getwid-section alignfull alignfull getwid-margin-top-none getwid-margin-bottom-none\"><div class=\"wp-block-getwid-section__wrapper getwid-padding-top-none getwid-padding-bottom-medium getwid-padding-left-medium getwid-padding-right-medium getwid-padding-mobile-left-small getwid-padding-mobile-right-small\"><div class=\"wp-block-getwid-section__inner-wrapper\"><div class=\"wp-block-getwid-section__background-holder\"><div class=\"wp-block-getwid-section__background\"><\/div><div class=\"wp-block-getwid-section__foreground\"><\/div><\/div><div class=\"wp-block-getwid-section__content\"><div class=\"wp-block-getwid-section__inner-content\">\n<div class=\"wp-block-columns has-2-columns is-layout-flex wp-container-core-columns-is-layout-9d6595d7 wp-block-columns-is-layout-flex\">\n<div class=\"wp-block-column is-layout-flow wp-block-column-is-layout-flow\">\n<div class=\"wp-block-getwid-advanced-heading is-style-style-1 has-custom-font-size\" style=\"font-size:12px;margin-bottom:0px\"><p class=\"wp-block-getwid-advanced-heading__content\" style=\"text-transform:uppercase;letter-spacing:0.1em\">LISBONNE MEILLEURS APPARTEMENTS TOURISTIQUES \u00c1 LISBONNE<\/p><\/div>\n\n\n\n<div class=\"wp-block-getwid-advanced-heading is-style-default\" style=\"margin-top:0px\"><h2 class=\"wp-block-getwid-advanced-heading__content\">Bienvenue \u00e0 l'Ajuda Palace Inn Lisbon<\/h2><\/div>\n<\/div>\n\n\n\n<div class=\"wp-block-column is-layout-flow wp-block-column-is-layout-flow\">\n<p>L'Ajuda Palace Inn Lisbon est le r\u00e9sultat de la r\u00e9habilitation compl\u00e8te d'un b\u00e2timent datant de 1890, situ\u00e9 \u00e0 c\u00f4t\u00e9 du Palais Ajuda (50m) et d'o\u00f9 l'on peut profiter d'une vue imprenable sur le Tage et la ville.  Le projet de r\u00e9habilitation, con\u00e7u par l'architecte Jos\u00e9 Martinez, a pr\u00e9serv\u00e9 le caract\u00e8re historique du b\u00e2timent et a donn\u00e9 naissance \u00e0 11 appartements, tous avec une vue imprenable sur le fleuve et la ville, avec cuisine, salon, chambre et salle de bains, climatisation, Internet haut d\u00e9bit, smartTV, jardin avec petite piscine, parking priv\u00e9 et r\u00e9ception pour assister les clients.<\/p>\n\n\n\n<p>L'\"Ajuda Palace Inn\" (API) a \u00e9t\u00e9 ouvert et a commenc\u00e9 ses activit\u00e9s en septembre 2024. Il est g\u00e9r\u00e9 par la soci\u00e9t\u00e9 propri\u00e9taire CPVI-Constru\u00e7\u00e3o, Promo\u00e7\u00e3o e Venda de Im\u00f3veis SA. Au total, l'\"Ajuda Palace Inn\" - API, comprend 11 appartements enti\u00e8rement con\u00e7us et \u00e9quip\u00e9s pour fournir toutes les commodit\u00e9s n\u00e9cessaires \u00e0 un s\u00e9jour agr\u00e9able et reposant, capable de laisser de bons souvenirs \u00e0 tous les clients, ce \u00e0 quoi la disponibilit\u00e9 contribue \u00e9galement. Notre \"Guest Manager\", Pedro Trindade, qui, avec son exp\u00e9rience de plus de 30 ans dans l'h\u00f4tellerie, travaillera pour s'assurer que nos clients passent un s\u00e9jour inoubliable \u00e0 l'API \u00e0 Lisbonne.<\/p>\n<\/div>\n<\/div>\n<\/div><\/div><\/div><\/div><\/div>\n\n\n\n<div class=\"wp-block-getwid-section alignfull alignfull getwid-anim bounceInUpShort getwid-margin-top-large getwid-margin-bottom-large getwid-section-content-custom-width\" data-wow-duration=\"1500ms\" data-wow-delay=\"200ms\"><div class=\"wp-block-getwid-section__wrapper getwid-padding-top-none getwid-padding-bottom-none getwid-padding-mobile-left-small getwid-padding-mobile-right-small\"><div class=\"wp-block-getwid-section__inner-wrapper\" style=\"max-width:1280px\"><div class=\"wp-block-getwid-section__background-holder\"><div class=\"wp-block-getwid-section__background\" style=\"background-image:url('https:\/\/ajudapalaceinn.com\/wp-content\/uploads\/2024\/05\/ajuda-palace-inn.webp');background-size:contain\"><div class=\"wp-block-getwid-section__background-image-wrapper\"><img decoding=\"async\" class=\"wp-block-getwid-section__background-image\" src=\"https:\/\/ajudapalaceinn.com\/wp-content\/uploads\/2024\/05\/ajuda-palace-inn.webp\" alt=\"ajuda-palace-inn-lisbon\" title=\"\"><\/div><\/div><div class=\"wp-block-getwid-section__foreground\"><\/div><\/div><div class=\"wp-block-getwid-section__content\"><div class=\"wp-block-getwid-section__inner-content\">\n<div class=\"wp-block-getwid-section getwid-anim bounceInRightShort\" style=\"margin-top:-60px;margin-bottom:-60px\" data-wow-duration=\"400ms\" data-wow-delay=\"200ms\"><div class=\"wp-block-getwid-section__wrapper getwid-padding-left-medium getwid-padding-right-medium getwid-padding-mobile-top-medium getwid-padding-mobile-bottom-medium getwid-padding-mobile-left-small getwid-padding-mobile-right-small getwid-margin-tablet-left-none\" style=\"margin-left:50%;padding-top:110px;padding-bottom:110px\"><div class=\"wp-block-getwid-section__inner-wrapper\"><div class=\"wp-block-getwid-section__background-holder\"><div class=\"wp-block-getwid-section__background has-background\" style=\"background-color:#8d6d70\"><\/div><div class=\"wp-block-getwid-section__foreground\"><\/div><\/div><div class=\"wp-block-getwid-section__content\"><div class=\"wp-block-getwid-section__inner-content\">\n<div class=\"wp-block-getwid-advanced-heading is-style-default\" style=\"margin-bottom:2%\"><h2 class=\"wp-block-getwid-advanced-heading__content has-text-color has-white-color\">Emplacement privil\u00e9gi\u00e9<\/h2><\/div>\n\n\n\n<p class=\"has-white-color has-text-color\" style=\"font-size:16px\">La proximit\u00e9 du Tage vous permet de profiter de sa promenade de plus de 20 km de long, pleine de terrasses, de pistes cyclables, de jardins et de vues imprenables sur la ville de Lisbonne et la ville d'Almada sur la rive sud du fleuve.<\/p>\n\n\n\n<p class=\"has-white-color has-text-color\" style=\"font-size:16px\">Il est situ\u00e9 \u00e0 environ 12 km de l'a\u00e9roport de Lisbonne qui, gr\u00e2ce \u00e0 son acc\u00e8s routier gratuit, peut \u00eatre parcouru en moins de 30 minutes, m\u00eame aux heures de pointe.<\/p>\n\n\n\n<div class=\"wp-block-getwid-section alignfull alignfull\"><div class=\"wp-block-getwid-section__wrapper\" style=\"padding-top:5%;padding-bottom:5%;padding-left:5%;padding-right:5%\"><div class=\"wp-block-getwid-section__inner-wrapper\"><div class=\"wp-block-getwid-section__background-holder\"><div class=\"wp-block-getwid-section__background has-background has-light-grey-background-color\"><\/div><div class=\"wp-block-getwid-section__foreground\"><\/div><\/div><div class=\"wp-block-getwid-section__content\"><div class=\"wp-block-getwid-section__inner-content\">\n<div class=\"wp-block-getwid-advanced-heading is-style-default\"><h3 class=\"wp-block-getwid-advanced-heading__content\" style=\"text-transform:none;letter-spacing:1px\">R\u00e9servez votre s\u00e9jour chez nous d\u00e8s aujourd'hui !<\/h3><\/div>\n\n\n\n<p class=\"has-dark-blue-color has-text-color has-link-color wp-elements-c436c5c726f6c578977f6dff180f90a0\"><strong>V\u00e9rifier la disponibilit\u00e9 de l'appartement aux dates souhait\u00e9es<\/strong><\/p>\n\n\n\n<style>\r\n\/* linhas *\/\r\n.linha {\r\n    width: 100%; \/* Largura da linha (preenche toda a largura do container pai) *\/\r\n    margin-bottom: 20px; \/* Espa\u00e7o entre as linhas *\/\r\n    color: #252e59;\r\n    font-weight: 600;\r\n}\r\n\r\n<\/style>\r\n<body>\r\n    <div class=\"linha\">Date d'entr\u00e9e: * <input id=\"startDate-en\" name=\"dateStart\" type=\"date\" value=\"\"><\/div>\r\n    <div class=\"linha\">Date de d\u00e9part * <input id=\"endDate-en\" name=\"dateEnd\" type=\"date\" value=\"\"><\/div>\r\n    <script>\r\n\t\tvar date = new Date();\r\n\t\tvar formatFixMonth, formatFixDay;\r\n\t\tif( date.getMonth() < 9 ){ formatFixMonth = 0; }else{ formatFixMonth = \"\"; }\r\n\t\tif( date.getDate() < 9 ){ formatFixDay = 0; }else{ formatFixDay = \"\"; }\r\n\t\tvar today = date.getFullYear() + \"-\" + formatFixMonth + (date.getMonth()+1) + \"-\" + formatFixDay + date.getDate();\r\n\r\n\t\tdate.setDate(date.getDate()+1);\r\n\t\tif( date.getMonth() < 9 ){ formatFixMonth = 0; }else{ formatFixMonth = \"\"; }\r\n\t\tif( date.getDate() < 9 ){ formatFixDay = 0; }else{ formatFixDay = \"\"; }\r\n\t\tvar tomorrow = date.getFullYear() + \"-\" + formatFixMonth + (date.getMonth()+1) + \"-\" + formatFixDay + date.getDate();\r\n\r\n\t\tdocument.getElementById(\"startDate-pt\").value = today;\r\n\t\tdocument.getElementById(\"endDate-pt\").value = tomorrow;\r\n\t<\/script>\r\n<a class=\"button\" onclick='window.open(\"https:\\\/\\\/booking.ajudapalaceinn.com\\\/API\\\/en\\\/?dateStart=\"+document.getElementById(\"startDate-en\").value+\"&#038;dateEnd=\"+document.getElementById(\"endDate-en\").value+\"\", \"_blank\");'>Voir les disponibilit\u00e9s<\/a>\r\n<\/body>\n<\/div><\/div><\/div><\/div><\/div>\n<\/div><\/div><\/div><\/div><\/div>\n<\/div><\/div><\/div><\/div><\/div>\n\n\n\n<div class=\"wp-block-getwid-section alignfull alignfull getwid-margin-top-large getwid-margin-bottom-large\"><div class=\"wp-block-getwid-section__wrapper getwid-padding-top-medium getwid-padding-bottom-none getwid-padding-left-medium getwid-padding-right-medium getwid-padding-mobile-left-small getwid-padding-mobile-right-small\"><div class=\"wp-block-getwid-section__inner-wrapper\"><div class=\"wp-block-getwid-section__background-holder\"><div class=\"wp-block-getwid-section__background\"><\/div><div class=\"wp-block-getwid-section__foreground\"><\/div><\/div><div class=\"wp-block-getwid-section__content\"><div class=\"wp-block-getwid-section__inner-content\">\n<div class=\"wp-block-columns are-vertically-aligned-center has-2-columns is-layout-flex wp-container-core-columns-is-layout-9d6595d7 wp-block-columns-is-layout-flex\">\n<div class=\"wp-block-column is-vertically-aligned-center is-layout-flow wp-block-column-is-layout-flow\">\n<div class=\"wp-block-getwid-advanced-heading is-style-style-1 has-custom-font-size\" style=\"font-size:12px;margin-bottom:0px\"><p class=\"wp-block-getwid-advanced-heading__content\" style=\"text-transform:uppercase;letter-spacing:0.1em\">DIRECTION EN CHARGE DE<\/p><\/div>\n\n\n\n<div class=\"wp-block-getwid-advanced-heading is-style-default\" style=\"margin-top:10px\"><h2 class=\"wp-block-getwid-advanced-heading__content\">CPVI-Constru\u00e7\u00e3o, Promo\u00e7\u00e3o e Venda de Im\u00f3veis SA<\/h2><\/div>\n<\/div>\n\n\n\n<div class=\"wp-block-column is-vertically-aligned-center is-layout-flow wp-block-column-is-layout-flow\">\n<p><strong>Headquarters address: <\/strong>Avenida Infante Santo, 63, 3\u00ba Esq 1350-177 Lisboa<\/p>\n\n\n\n<p><strong>T\u00e9l\u00e9phone:<\/strong> <a href=\"tel:+351932029069\" data-type=\"tel\" data-id=\"tel:+351932029069\">+351 9<\/a>3 886 43 06<\/p>\n\n\n\n<p><strong>Courriel : <\/strong><a href=\"mailto:geral@cpvi.pt\">geral@cpvi.pt <\/a><\/p>\n<\/div>\n<\/div>\n<\/div><\/div><\/div><\/div><\/div>\n\n\n\n<div class=\"wp-block-getwid-section alignfull alignfull getwid-anim bounceInUpShort getwid-margin-top-small getwid-margin-bottom-normal getwid-section-content-custom-width\" data-wow-duration=\"1500ms\" data-wow-delay=\"200ms\"><div class=\"wp-block-getwid-section__wrapper getwid-padding-mobile-left-small getwid-padding-mobile-right-small\"><div class=\"wp-block-getwid-section__inner-wrapper\" style=\"max-width:1280px\"><div class=\"wp-block-getwid-section__background-holder\"><div class=\"wp-block-getwid-section__background\"><\/div><div class=\"wp-block-getwid-section__foreground\"><\/div><\/div><div class=\"wp-block-getwid-section__content\"><div class=\"wp-block-getwid-section__inner-content\">\n<div class=\"wp-block-getwid-advanced-heading is-style-style-1 has-custom-font-size\" style=\"font-size:12px;margin-bottom:0px\"><p class=\"wp-block-getwid-advanced-heading__content\" style=\"text-transform:uppercase;line-height:2em;letter-spacing:0.1em;padding-bottom:1em\"> partagez-nous sur les m\u00e9dias sociaux !<\/p><\/div>\n\n\n\n<ul class=\"wp-block-outermost-social-sharing is-style-pill-shape is-layout-flex wp-block-outermost-social-sharing-is-layout-flex\"><li class=\"outermost-social-sharing-link outermost-social-sharing-link-facebook  wp-block-outermost-social-sharing-link\">\n\t<a href=\"https:\/\/www.facebook.com\/sharer\/sharer.php?u=https%3A%2F%2Fajudapalaceinn.com%2Ffr%2Fa-propos-de-nous%2F&#038;title=About%20Us\" aria-label=\"Partager sur Facebook\" rel=\"noopener nofollow\" target=\"_blank\" class=\"wp-block-outermost-social-sharing-link-anchor\">\n\t\t<svg width=\"24\" height=\"24\" viewbox=\"0 0 24 24\" version=\"1.1\" xmlns=\"http:\/\/www.w3.org\/2000\/svg\" aria-hidden=\"true\" focusable=\"false\"><path d=\"M12 2C6.5 2 2 6.5 2 12c0 5 3.7 9.1 8.4 9.9v-7H7.9V12h2.5V9.8c0-2.5 1.5-3.9 3.8-3.9 1.1 0 2.2.2 2.2.2v2.5h-1.3c-1.2 0-1.6.8-1.6 1.6V12h2.8l-.4 2.9h-2.3v7C18.3 21.1 22 17 22 12c0-5.5-4.5-10-10-10z\"><\/path><\/svg>\t\t<span class=\"wp-block-outermost-social-sharing-link-label screen-reader-text\">\n\t\t\tPartager sur Facebook\t\t<\/span>\n\t<\/a>\n<\/li>\n\n\n<li class=\"outermost-social-sharing-link outermost-social-sharing-link-x  wp-block-outermost-social-sharing-link\">\n\t<a href=\"https:\/\/x.com\/share?url=https%3A%2F%2Fajudapalaceinn.com%2Ffr%2Fa-propos-de-nous%2F&#038;text=About%20Us\" aria-label=\"Partager sur X\" rel=\"noopener nofollow\" target=\"_blank\" class=\"wp-block-outermost-social-sharing-link-anchor\">\n\t\t<svg width=\"24\" height=\"24\" viewbox=\"0 0 24 24\" version=\"1.1\" xmlns=\"http:\/\/www.w3.org\/2000\/svg\" aria-hidden=\"true\" focusable=\"false\"><path d=\"M13.982 10.622 20.54 3h-1.554l-5.693 6.618L8.745 3H3.5l6.876 10.007L3.5 21h1.554l6.012-6.989L15.868 21h5.245l-7.131-10.378Zm-2.128 2.474-.697-.997-5.543-7.93H8l4.474 6.4.697.996 5.815 8.318h-2.387l-4.745-6.787Z\"><\/path><\/svg>\t\t<span class=\"wp-block-outermost-social-sharing-link-label screen-reader-text\">\n\t\t\tPartager sur X\t\t<\/span>\n\t<\/a>\n<\/li>\n\n\n<li class=\"outermost-social-sharing-link outermost-social-sharing-link-whatsapp  wp-block-outermost-social-sharing-link\">\n\t<a href=\"https:\/\/api.whatsapp.com\/send?text=About%20Us%20&mdash;%20https%3A%2F%2Fajudapalaceinn.com%2Ffr%2Fa-propos-de-nous%2F\" aria-label=\"Partager sur WhatsApp\" rel=\"noopener nofollow\" target=\"_blank\" class=\"wp-block-outermost-social-sharing-link-anchor\">\n\t\t<svg width=\"24\" height=\"24\" viewbox=\"0 0 24 24\" version=\"1.1\" xmlns=\"http:\/\/www.w3.org\/2000\/svg\" aria-hidden=\"true\" focusable=\"false\"><path d=\"M 12.011719 2 C 6.5057187 2 2.0234844 6.478375 2.0214844 11.984375 C 2.0204844 13.744375 2.4814687 15.462563 3.3554688 16.976562 L 2 22 L 7.2324219 20.763672 C 8.6914219 21.559672 10.333859 21.977516 12.005859 21.978516 L 12.009766 21.978516 C 17.514766 21.978516 21.995047 17.499141 21.998047 11.994141 C 22.000047 9.3251406 20.962172 6.8157344 19.076172 4.9277344 C 17.190172 3.0407344 14.683719 2.001 12.011719 2 z M 12.009766 4 C 14.145766 4.001 16.153109 4.8337969 17.662109 6.3417969 C 19.171109 7.8517969 20.000047 9.8581875 19.998047 11.992188 C 19.996047 16.396187 16.413812 19.978516 12.007812 19.978516 C 10.674812 19.977516 9.3544062 19.642812 8.1914062 19.007812 L 7.5175781 18.640625 L 6.7734375 18.816406 L 4.8046875 19.28125 L 5.2851562 17.496094 L 5.5019531 16.695312 L 5.0878906 15.976562 C 4.3898906 14.768562 4.0204844 13.387375 4.0214844 11.984375 C 4.0234844 7.582375 7.6067656 4 12.009766 4 z M 8.4765625 7.375 C 8.3095625 7.375 8.0395469 7.4375 7.8105469 7.6875 C 7.5815469 7.9365 6.9355469 8.5395781 6.9355469 9.7675781 C 6.9355469 10.995578 7.8300781 12.182609 7.9550781 12.349609 C 8.0790781 12.515609 9.68175 15.115234 12.21875 16.115234 C 14.32675 16.946234 14.754891 16.782234 15.212891 16.740234 C 15.670891 16.699234 16.690438 16.137687 16.898438 15.554688 C 17.106437 14.971687 17.106922 14.470187 17.044922 14.367188 C 16.982922 14.263188 16.816406 14.201172 16.566406 14.076172 C 16.317406 13.951172 15.090328 13.348625 14.861328 13.265625 C 14.632328 13.182625 14.464828 13.140625 14.298828 13.390625 C 14.132828 13.640625 13.655766 14.201187 13.509766 14.367188 C 13.363766 14.534188 13.21875 14.556641 12.96875 14.431641 C 12.71875 14.305641 11.914938 14.041406 10.960938 13.191406 C 10.218937 12.530406 9.7182656 11.714844 9.5722656 11.464844 C 9.4272656 11.215844 9.5585938 11.079078 9.6835938 10.955078 C 9.7955938 10.843078 9.9316406 10.663578 10.056641 10.517578 C 10.180641 10.371578 10.223641 10.267562 10.306641 10.101562 C 10.389641 9.9355625 10.347156 9.7890625 10.285156 9.6640625 C 10.223156 9.5390625 9.737625 8.3065 9.515625 7.8125 C 9.328625 7.3975 9.131125 7.3878594 8.953125 7.3808594 C 8.808125 7.3748594 8.6425625 7.375 8.4765625 7.375 z\"><\/path><\/svg>\t\t<span class=\"wp-block-outermost-social-sharing-link-label screen-reader-text\">\n\t\t\tPartager sur WhatsApp\t\t<\/span>\n\t<\/a>\n<\/li>\n\n\n<li class=\"outermost-social-sharing-link outermost-social-sharing-link-threads  wp-block-outermost-social-sharing-link\">\n\t<a href=\"https:\/\/www.threads.net\/intent\/post?text=https%3A%2F%2Fajudapalaceinn.com%2Ffr%2Fa-propos-de-nous%2F\" aria-label=\"Partager sur Threads\" rel=\"noopener nofollow\" target=\"_blank\" class=\"wp-block-outermost-social-sharing-link-anchor\">\n\t\t<svg width=\"24\" height=\"24\" viewbox=\"0 0 24 24\" version=\"1.1\" xmlns=\"http:\/\/www.w3.org\/2000\/svg\" aria-hidden=\"true\" focusable=\"false\"><path d=\"M16.3 11.3c-.1 0-.2-.1-.2-.1-.1-2.6-1.5-4-3.9-4-1.4 0-2.6.6-3.3 1.7l1.3.9c.5-.8 1.4-1 2-1 .8 0 1.4.2 1.7.7.3.3.5.8.5 1.3-.7-.1-1.4-.2-2.2-.1-2.2.1-3.7 1.4-3.6 3.2 0 .9.5 1.7 1.3 2.2.7.4 1.5.6 2.4.6 1.2-.1 2.1-.5 2.7-1.3.5-.6.8-1.4.9-2.4.6.3 1 .8 1.2 1.3.4.9.4 2.4-.8 3.6-1.1 1.1-2.3 1.5-4.3 1.5-2.1 0-3.8-.7-4.8-2S5.7 14.3 5.7 12c0-2.3.5-4.1 1.5-5.4 1.1-1.3 2.7-2 4.8-2 2.2 0 3.8.7 4.9 2 .5.7.9 1.5 1.2 2.5l1.5-.4c-.3-1.2-.8-2.2-1.5-3.1-1.3-1.7-3.3-2.6-6-2.6-2.6 0-4.7.9-6 2.6C4.9 7.2 4.3 9.3 4.3 12s.6 4.8 1.9 6.4c1.4 1.7 3.4 2.6 6 2.6 2.3 0 4-.6 5.3-2 1.8-1.8 1.7-4 1.1-5.4-.4-.9-1.2-1.7-2.3-2.3zm-4 3.8c-1 .1-2-.4-2-1.3 0-.7.5-1.5 2.1-1.6h.5c.6 0 1.1.1 1.6.2-.2 2.3-1.3 2.7-2.2 2.7z\"\/><\/svg>\t\t<span class=\"wp-block-outermost-social-sharing-link-label screen-reader-text\">\n\t\t\tPartager sur Threads\t\t<\/span>\n\t<\/a>\n<\/li>\n\n\n<li class=\"outermost-social-sharing-link outermost-social-sharing-link-pinterest  wp-block-outermost-social-sharing-link\">\n\t<a href=\"https:\/\/pinterest.com\/pin\/create\/button\/?&#038;url=https%3A%2F%2Fajudapalaceinn.com%2Ffr%2Fa-propos-de-nous%2F&#038;description=About%20Us&#038;media=https%3A%2F%2Fajudapalaceinn.com%2Fwp-content%2Fuploads%2F2025%2F10%2F1-4J5A6679-1024x683.jpg\" aria-label=\"Partager sur Pinterest\" rel=\"noopener nofollow\" target=\"_blank\" class=\"wp-block-outermost-social-sharing-link-anchor\">\n\t\t<svg width=\"24\" height=\"24\" viewbox=\"0 0 24 24\" version=\"1.1\" xmlns=\"http:\/\/www.w3.org\/2000\/svg\" aria-hidden=\"true\" focusable=\"false\"><path d=\"M12.289,2C6.617,2,3.606,5.648,3.606,9.622c0,1.846,1.025,4.146,2.666,4.878c0.25,0.111,0.381,0.063,0.439-0.169 c0.044-0.175,0.267-1.029,0.365-1.428c0.032-0.128,0.017-0.237-0.091-0.362C6.445,11.911,6.01,10.75,6.01,9.668 c0-2.777,2.194-5.464,5.933-5.464c3.23,0,5.49,2.108,5.49,5.122c0,3.407-1.794,5.768-4.13,5.768c-1.291,0-2.257-1.021-1.948-2.277 c0.372-1.495,1.089-3.112,1.089-4.191c0-0.967-0.542-1.775-1.663-1.775c-1.319,0-2.379,1.309-2.379,3.059 c0,1.115,0.394,1.869,0.394,1.869s-1.302,5.279-1.54,6.261c-0.405,1.666,0.053,4.368,0.094,4.604 c0.021,0.126,0.167,0.169,0.25,0.063c0.129-0.165,1.699-2.419,2.142-4.051c0.158-0.59,0.817-2.995,0.817-2.995 c0.43,0.784,1.681,1.446,3.013,1.446c3.963,0,6.822-3.494,6.822-7.833C20.394,5.112,16.849,2,12.289,2\"><\/path><\/svg>\t\t<span class=\"wp-block-outermost-social-sharing-link-label screen-reader-text\">\n\t\t\tPartager sur Pinterest\t\t<\/span>\n\t<\/a>\n<\/li>\n\n\n<li class=\"outermost-social-sharing-link outermost-social-sharing-link-linkedin  wp-block-outermost-social-sharing-link\">\n\t<a href=\"https:\/\/www.linkedin.com\/shareArticle?mini=true&#038;url=https%3A%2F%2Fajudapalaceinn.com%2Ffr%2Fa-propos-de-nous%2F&#038;title=About%20Us\" aria-label=\"Partager sur LinkedIn\" rel=\"noopener nofollow\" target=\"_blank\" class=\"wp-block-outermost-social-sharing-link-anchor\">\n\t\t<svg width=\"24\" height=\"24\" viewbox=\"0 0 24 24\" version=\"1.1\" xmlns=\"http:\/\/www.w3.org\/2000\/svg\" aria-hidden=\"true\" focusable=\"false\"><path d=\"M19.7,3H4.3C3.582,3,3,3.582,3,4.3v15.4C3,20.418,3.582,21,4.3,21h15.4c0.718,0,1.3-0.582,1.3-1.3V4.3 C21,3.582,20.418,3,19.7,3z M8.339,18.338H5.667v-8.59h2.672V18.338z M7.004,8.574c-0.857,0-1.549-0.694-1.549-1.548 c0-0.855,0.691-1.548,1.549-1.548c0.854,0,1.547,0.694,1.547,1.548C8.551,7.881,7.858,8.574,7.004,8.574z M18.339,18.338h-2.669 v-4.177c0-0.996-0.017-2.278-1.387-2.278c-1.389,0-1.601,1.086-1.601,2.206v4.249h-2.667v-8.59h2.559v1.174h0.037 c0.356-0.675,1.227-1.387,2.526-1.387c2.703,0,3.203,1.779,3.203,4.092V18.338z\"><\/path><\/svg>\t\t<span class=\"wp-block-outermost-social-sharing-link-label screen-reader-text\">\n\t\t\tPartager sur LinkedIn\t\t<\/span>\n\t<\/a>\n<\/li>\n\n\n<li class=\"outermost-social-sharing-link outermost-social-sharing-link-telegram  wp-block-outermost-social-sharing-link\">\n\t<a href=\"https:\/\/telegram.me\/share\/url?url=https%3A%2F%2Fajudapalaceinn.com%2Ffr%2Fa-propos-de-nous%2F&#038;text=About%20Us\" aria-label=\"Partager sur Telegram\" rel=\"noopener nofollow\" target=\"_blank\" class=\"wp-block-outermost-social-sharing-link-anchor\">\n\t\t<svg width=\"24\" height=\"24\" viewbox=\"0 0 128 128\" version=\"1.1\" xmlns=\"http:\/\/www.w3.org\/2000\/svg\" aria-hidden=\"true\" focusable=\"false\"><path d=\"M28.97 63.324c18.657-8.128 31.098-13.487 37.323-16.076 17.774-7.393 21.467-8.677 23.874-8.72.53-.009 1.713.122 2.48.745.648.525.826 1.235.911 1.733.085.498.191 1.633.107 2.52-.963 10.12-5.13 34.677-7.25 46.012-.898 4.796-2.664 6.404-4.375 6.561-3.716.342-6.538-2.456-10.138-4.815-5.633-3.693-8.815-5.991-14.283-9.594-6.319-4.164-2.222-6.453 1.379-10.193.942-.98 17.318-15.874 17.634-17.225.04-.169.077-.799-.297-1.131-.375-.333-.927-.22-1.325-.129-.565.128-9.564 6.076-26.996 17.843-2.554 1.754-4.868 2.609-6.94 2.564-2.286-.05-6.681-1.292-9.95-2.354-4.007-1.303-7.193-1.992-6.915-4.205.144-1.152 1.731-2.33 4.761-3.536Z\"><\/path><\/svg>\t\t<span class=\"wp-block-outermost-social-sharing-link-label screen-reader-text\">\n\t\t\tPartager sur Telegram\t\t<\/span>\n\t<\/a>\n<\/li>\n\n\n<li class=\"outermost-social-sharing-link outermost-social-sharing-link-mail  wp-block-outermost-social-sharing-link\">\n\t<a href=\"mailto:?subject=About%20Us&#038;body=About%20Us%20&mdash;%20https%3A%2F%2Fajudapalaceinn.com%2Ffr%2Fa-propos-de-nous%2F\" aria-label=\"Envoyer cette page par e-mail\"  class=\"wp-block-outermost-social-sharing-link-anchor\">\n\t\t<svg width=\"24\" height=\"24\" viewbox=\"0 0 24 24\" version=\"1.1\" xmlns=\"http:\/\/www.w3.org\/2000\/svg\" aria-hidden=\"true\" focusable=\"false\"><path d=\"M20,4H4C2.895,4,2,4.895,2,6v12c0,1.105,0.895,2,2,2h16c1.105,0,2-0.895,2-2V6C22,4.895,21.105,4,20,4z M20,8.236l-8,4.882 L4,8.236V6h16V8.236z\"><\/path><\/svg>\t\t<span class=\"wp-block-outermost-social-sharing-link-label screen-reader-text\">\n\t\t\tEnvoyer cette page par e-mail\t\t<\/span>\n\t<\/a>\n<\/li>\n<\/ul>\n<\/div><\/div><\/div><\/div><\/div>","protected":false},"excerpt":{"rendered":"<p class=\"translation-block\">La solution parfaite pour les courts s\u00e9jours \u00e0 Lisbonne, au Portugal\u00a0!<br>\nExplorez Lisbonne avec Ajuda Palace Inn.<\/p>","protected":false},"author":1,"featured_media":3493,"parent":0,"menu_order":3,"comment_status":"closed","ping_status":"closed","template":"","meta":{"inline_featured_image":false,"footnotes":""},"class_list":["post-228","page","type-page","status-publish","has-post-thumbnail","hentry"],"_links":{"self":[{"href":"https:\/\/ajudapalaceinn.com\/fr\/wp-json\/wp\/v2\/pages\/228","targetHints":{"allow":["GET"]}}],"collection":[{"href":"https:\/\/ajudapalaceinn.com\/fr\/wp-json\/wp\/v2\/pages"}],"about":[{"href":"https:\/\/ajudapalaceinn.com\/fr\/wp-json\/wp\/v2\/types\/page"}],"author":[{"embeddable":true,"href":"https:\/\/ajudapalaceinn.com\/fr\/wp-json\/wp\/v2\/users\/1"}],"replies":[{"embeddable":true,"href":"https:\/\/ajudapalaceinn.com\/fr\/wp-json\/wp\/v2\/comments?post=228"}],"version-history":[{"count":0,"href":"https:\/\/ajudapalaceinn.com\/fr\/wp-json\/wp\/v2\/pages\/228\/revisions"}],"wp:featuredmedia":[{"embeddable":true,"href":"https:\/\/ajudapalaceinn.com\/fr\/wp-json\/wp\/v2\/media\/3493"}],"wp:attachment":[{"href":"https:\/\/ajudapalaceinn.com\/fr\/wp-json\/wp\/v2\/media?parent=228"}],"curies":[{"name":"wp","href":"https:\/\/api.w.org\/{rel}","templated":true}]}}