{"id":3631,"date":"2025-11-17T16:06:42","date_gmt":"2025-11-17T16:06:42","guid":{"rendered":"https:\/\/ajudapalaceinn.com\/?page_id=3631"},"modified":"2025-11-17T16:06:45","modified_gmt":"2025-11-17T16:06:45","slug":"black-friday-2025-campaign-terms","status":"publish","type":"page","link":"https:\/\/ajudapalaceinn.com\/fr\/termes-de-la-campagne-black-friday-2025\/","title":{"rendered":"Termes de la campagne Black Friday 2025"},"content":{"rendered":"<div class=\"wp-block-getwid-advanced-heading is-style-style-1 has-custom-font-size\" style=\"font-size:12px;margin-top:10px\"><span class=\"wp-block-getwid-advanced-heading__content\" style=\"text-transform:uppercase;letter-spacing:0.1em\">Campagne Black Friday valable avec le code promotionnel - BF25<\/span><\/div>\n\n\n\n<h2 class=\"wp-block-heading\">1. P\u00e9riode d'utilisation du code Black Friday<\/h2>\n\n\n\n<p>Le code de r\u00e9duction - BF25 - peut \u00eatre utilis\u00e9 <strong>du 18 novembre au 2 d\u00e9cembre, jusqu'\u00e0 23h59<\/strong>.<\/p>\n\n\n\n<h2 class=\"wp-block-heading\">2. P\u00e9riode de s\u00e9jour applicable<\/h2>\n\n\n\n<p>La promotion s'applique aux r\u00e9servations avec <strong>s\u00e9jours du 18 novembre au 28 f\u00e9vrier<\/strong>, inclus.<\/p>\n\n\n\n<h2 class=\"wp-block-heading\">3. Disponibilit\u00e9<\/h2>\n\n\n\n<p>L'offre est <strong>sous r\u00e9serve de la disponibilit\u00e9 des appartements<\/strong> aux dates demand\u00e9es.<br>Les r\u00e9servations sont confirm\u00e9es <strong>dans l'ordre de leur r\u00e9ception<\/strong>.<br>V\u00e9rifier la disponibilit\u00e9 ici : <a href=\"https:\/\/ajudapalaceinn.com\/fr\/reserve-maintenant\/\">https:\/\/ajudapalaceinn.com\/en\/book-now\/<\/a> <\/p>\n\n\n\n<h2 class=\"wp-block-heading\">4. Application des remises<\/h2>\n\n\n\n<p>La remise est de <strong>appliqu\u00e9 automatiquement<\/strong> apr\u00e8s avoir saisi le code et au d\u00e9but du processus de r\u00e9servation.<br>Il <strong>ne peuvent \u00eatre combin\u00e9s<\/strong> avec d'autres promotions, codes ou offres.<\/p>\n\n\n\n<h2 class=\"wp-block-heading\">5. Politique d'annulation et de modification<\/h2>\n\n\n\n<p>Les conditions habituelles de l'h\u00e9bergement s'appliquent :<\/p>\n\n\n\n<ul class=\"wp-block-list\">\n<li>Politique d'annulation <strong>en fonction du taux s\u00e9lectionn\u00e9<\/strong><\/li>\n\n\n\n<li>Possibilit\u00e9 de modifications <strong>sous r\u00e9serve de disponibilit\u00e9 et des conditions en vigueur au moment de la r\u00e9servation<\/strong><\/li>\n<\/ul>\n\n\n\n<h2 class=\"wp-block-heading\">6. Informations compl\u00e9mentaires<\/h2>\n\n\n\n<ul class=\"wp-block-list\">\n<li>La r\u00e9duction s'applique <strong>uniquement pour les r\u00e9servations effectu\u00e9es directement sur le site web officiel<\/strong>.<\/li>\n\n\n\n<li>La campagne peut \u00eatre <strong>ajust\u00e9 ou r\u00e9sili\u00e9<\/strong> en cas d'erreurs \u00e9videntes du syst\u00e8me ou d'informations incorrectes sur la disponibilit\u00e9.<\/li>\n<\/ul>","protected":false},"excerpt":{"rendered":"<p>1. Black Friday Code Usage Period The discount code &#8211; BF25 &#8211; can be used from November 18 to December 2, until 11:59 PM. 2. Applicable Stay Period The promotion applies to reservations with stay dates from November 18 to February 28, inclusive. 3. Availability The offer is subject to apartment availability on the requested [&hellip;]<\/p>\n","protected":false},"author":1,"featured_media":3167,"parent":0,"menu_order":0,"comment_status":"closed","ping_status":"closed","template":"","meta":{"inline_featured_image":false,"footnotes":""},"class_list":["post-3631","page","type-page","status-publish","has-post-thumbnail","hentry"],"_links":{"self":[{"href":"https:\/\/ajudapalaceinn.com\/fr\/wp-json\/wp\/v2\/pages\/3631","targetHints":{"allow":["GET"]}}],"collection":[{"href":"https:\/\/ajudapalaceinn.com\/fr\/wp-json\/wp\/v2\/pages"}],"about":[{"href":"https:\/\/ajudapalaceinn.com\/fr\/wp-json\/wp\/v2\/types\/page"}],"author":[{"embeddable":true,"href":"https:\/\/ajudapalaceinn.com\/fr\/wp-json\/wp\/v2\/users\/1"}],"replies":[{"embeddable":true,"href":"https:\/\/ajudapalaceinn.com\/fr\/wp-json\/wp\/v2\/comments?post=3631"}],"version-history":[{"count":0,"href":"https:\/\/ajudapalaceinn.com\/fr\/wp-json\/wp\/v2\/pages\/3631\/revisions"}],"wp:featuredmedia":[{"embeddable":true,"href":"https:\/\/ajudapalaceinn.com\/fr\/wp-json\/wp\/v2\/media\/3167"}],"wp:attachment":[{"href":"https:\/\/ajudapalaceinn.com\/fr\/wp-json\/wp\/v2\/media?parent=3631"}],"curies":[{"name":"wp","href":"https:\/\/api.w.org\/{rel}","templated":true}]}}