{"id":3631,"date":"2025-11-17T16:06:42","date_gmt":"2025-11-17T16:06:42","guid":{"rendered":"https:\/\/ajudapalaceinn.com\/?page_id=3631"},"modified":"2025-11-17T16:06:45","modified_gmt":"2025-11-17T16:06:45","slug":"black-friday-2025-campaign-terms","status":"publish","type":"page","link":"https:\/\/ajudapalaceinn.com\/pt\/termos-da-campanha-black-friday-2025\/","title":{"rendered":"Termos da campanha Black Friday 2025"},"content":{"rendered":"<div class=\"wp-block-getwid-advanced-heading is-style-style-1 has-custom-font-size\" style=\"font-size:12px;margin-top:10px\"><span class=\"wp-block-getwid-advanced-heading__content\" style=\"text-transform:uppercase;letter-spacing:0.1em\">Campanha Black Friday v\u00e1lida com o c\u00f3digo promocional - BF25<\/span><\/div>\n\n\n\n<h2 class=\"wp-block-heading\">1. Per\u00edodo de utiliza\u00e7\u00e3o do c\u00f3digo Black Friday<\/h2>\n\n\n\n<p>O c\u00f3digo de desconto - BF25 - pode ser utilizado <strong>de 18 de novembro a 2 de dezembro, at\u00e9 \u00e0s 23h59<\/strong>.<\/p>\n\n\n\n<h2 class=\"wp-block-heading\">2. Per\u00edodo de perman\u00eancia aplic\u00e1vel<\/h2>\n\n\n\n<p>A promo\u00e7\u00e3o aplica-se a reservas com <strong>datas de estadia de 18 de novembro a 28 de fevereiro<\/strong>, inclusive.<\/p>\n\n\n\n<h2 class=\"wp-block-heading\">3. Disponibilidade<\/h2>\n\n\n\n<p>A oferta est\u00e1 <strong>sujeita \u00e0 disponibilidade do apartamento<\/strong> nas datas solicitadas.<br>As reservas s\u00e3o confirmadas <strong>na ordem em que s\u00e3o recebidas<\/strong>.<br>Verificar a disponibilidade aqui: <a href=\"https:\/\/ajudapalaceinn.com\/pt\/efetuar-reserva\/\">https:\/\/ajudapalaceinn.com\/en\/book-now\/<\/a> <\/p>\n\n\n\n<h2 class=\"wp-block-heading\">4. Aplica\u00e7\u00e3o de descontos<\/h2>\n\n\n\n<p>O desconto \u00e9 <strong>aplicado automaticamente<\/strong> depois de introduzir o c\u00f3digo e no in\u00edcio do processo de reserva.<br>\u00c9 <strong>N\u00e3o pode ser combinado<\/strong> com outras promo\u00e7\u00f5es, c\u00f3digos ou ofertas.<\/p>\n\n\n\n<h2 class=\"wp-block-heading\">5. Pol\u00edtica de cancelamento e altera\u00e7\u00e3o<\/h2>\n\n\n\n<p>Aplicam-se os termos e condi\u00e7\u00f5es habituais do alojamento:<\/p>\n\n\n\n<ul class=\"wp-block-list\">\n<li>Pol\u00edtica de cancelamento <strong>de acordo com a taxa selecionada<\/strong><\/li>\n\n\n\n<li>Possibilidade de altera\u00e7\u00f5es <strong>sujeito \u00e0 disponibilidade e \u00e0s condi\u00e7\u00f5es atuais no momento da reserva<\/strong><\/li>\n<\/ul>\n\n\n\n<h2 class=\"wp-block-heading\">6. Informa\u00e7\u00f5es adicionais<\/h2>\n\n\n\n<ul class=\"wp-block-list\">\n<li>O desconto aplica-se <strong>apenas para reservas efetuadas diretamente atrav\u00e9s do Website oficial<\/strong>.<\/li>\n\n\n\n<li>A campanha pode ser <strong>ajustada ou rescindida<\/strong> em caso de erros evidentes do sistema ou de informa\u00e7\u00f5es incorrectas sobre a disponibilidade.<\/li>\n<\/ul>","protected":false},"excerpt":{"rendered":"<p>1. Black Friday Code Usage Period The discount code &#8211; BF25 &#8211; can be used from November 18 to December 2, until 11:59 PM. 2. Applicable Stay Period The promotion applies to reservations with stay dates from November 18 to February 28, inclusive. 3. Availability The offer is subject to apartment availability on the requested [&hellip;]<\/p>\n","protected":false},"author":1,"featured_media":3167,"parent":0,"menu_order":0,"comment_status":"closed","ping_status":"closed","template":"","meta":{"inline_featured_image":false,"footnotes":""},"class_list":["post-3631","page","type-page","status-publish","has-post-thumbnail","hentry"],"_links":{"self":[{"href":"https:\/\/ajudapalaceinn.com\/pt\/wp-json\/wp\/v2\/pages\/3631","targetHints":{"allow":["GET"]}}],"collection":[{"href":"https:\/\/ajudapalaceinn.com\/pt\/wp-json\/wp\/v2\/pages"}],"about":[{"href":"https:\/\/ajudapalaceinn.com\/pt\/wp-json\/wp\/v2\/types\/page"}],"author":[{"embeddable":true,"href":"https:\/\/ajudapalaceinn.com\/pt\/wp-json\/wp\/v2\/users\/1"}],"replies":[{"embeddable":true,"href":"https:\/\/ajudapalaceinn.com\/pt\/wp-json\/wp\/v2\/comments?post=3631"}],"version-history":[{"count":0,"href":"https:\/\/ajudapalaceinn.com\/pt\/wp-json\/wp\/v2\/pages\/3631\/revisions"}],"wp:featuredmedia":[{"embeddable":true,"href":"https:\/\/ajudapalaceinn.com\/pt\/wp-json\/wp\/v2\/media\/3167"}],"wp:attachment":[{"href":"https:\/\/ajudapalaceinn.com\/pt\/wp-json\/wp\/v2\/media?parent=3631"}],"curies":[{"name":"wp","href":"https:\/\/api.w.org\/{rel}","templated":true}]}}